{"id":15,"date":"2021-08-11T23:28:27","date_gmt":"2021-08-11T21:28:27","guid":{"rendered":"http:\/\/ougeohn.cluster031.hosting.ovh.net\/?page_id=15"},"modified":"2025-10-20T18:06:50","modified_gmt":"2025-10-20T16:06:50","slug":"une-section-de-page-daccueil","status":"publish","type":"page","link":"https:\/\/www.meylanplongee.fr\/index.php\/une-section-de-page-daccueil\/","title":{"rendered":"Inscriptions"},"content":{"rendered":"\n<p>Les formulaires d&rsquo;inscriptions pour la saison 2025\/2026 sont disponibles, vous y trouverez de nombreuses informations en plus du CACI :<\/p>\n\n\n\n<ul class=\"wp-block-list\">\n<li>Inscriptions pour les jeunes les mardis soir : <a href=\"https:\/\/www.meylanplongee.fr\/wp-content\/uploads\/2025\/09\/InscriptionJeune-CACI-2024-2025_v3.pdf\" data-type=\"attachment\" data-id=\"92\">Formulaire Jeunes (de 10 \u00e0 18 ans)<\/a><\/li>\n\n\n\n<li>Inscriptions pour les adultes les mercredis soir : <a href=\"https:\/\/www.meylanplongee.fr\/wp-content\/uploads\/2025\/09\/InscriptionAdulte-CACI-2024-2025_v3.pdf\" data-type=\"attachment\" data-id=\"91\">Formulaire Adultes<\/a><\/li>\n\n\n\n<li><a href=\"https:\/\/ffessm.fr\/uploads\/media\/docs\/0001\/12\/2654ab6cff32d8e502a5e1d88e1463d7e99eab54.pdf\">Le certificat m\u00e9dical d&rsquo;absence de contre-indication \u00e0 la plong\u00e9e<\/a><\/li>\n\n\n\n<li><a href=\"https:\/\/ffessm.fr\/uploads\/media\/docs\/0001\/13\/64a8b6d272938cfddf0aaf24a33a981dc188f76f.pdf\">Le tableau des garanties et primes de la saison 2025\/2026 des assurances Lafont<\/a><\/li>\n<\/ul>\n\n\n\n<p style=\"color:#FF0000;\"><strong>\/!\\ Nouveaut\u00e9 pour cette rentr\u00e9e, bien apporter un ch\u00e8que de caution de 5\u20ac pour la carte de la piscine<\/strong><\/p>\n\n\n\n<p><\/p>\n","protected":false},"excerpt":{"rendered":"<p>Les formulaires d&rsquo;inscriptions pour la saison 2025\/2026 sont disponibles, vous y trouverez de nombreuses informations en plus du CACI : \/!\\ Nouveaut\u00e9 pour cette rentr\u00e9e, bien apporter un ch\u00e8que de caution de 5\u20ac pour la carte de la piscine<\/p>\n","protected":false},"author":1,"featured_media":50,"parent":0,"menu_order":0,"comment_status":"closed","ping_status":"closed","template":"","meta":{"footnotes":""},"class_list":["post-15","page","type-page","status-publish","has-post-thumbnail","hentry"],"_links":{"self":[{"href":"https:\/\/www.meylanplongee.fr\/index.php\/wp-json\/wp\/v2\/pages\/15","targetHints":{"allow":["GET"]}}],"collection":[{"href":"https:\/\/www.meylanplongee.fr\/index.php\/wp-json\/wp\/v2\/pages"}],"about":[{"href":"https:\/\/www.meylanplongee.fr\/index.php\/wp-json\/wp\/v2\/types\/page"}],"author":[{"embeddable":true,"href":"https:\/\/www.meylanplongee.fr\/index.php\/wp-json\/wp\/v2\/users\/1"}],"replies":[{"embeddable":true,"href":"https:\/\/www.meylanplongee.fr\/index.php\/wp-json\/wp\/v2\/comments?post=15"}],"version-history":[{"count":31,"href":"https:\/\/www.meylanplongee.fr\/index.php\/wp-json\/wp\/v2\/pages\/15\/revisions"}],"predecessor-version":[{"id":215,"href":"https:\/\/www.meylanplongee.fr\/index.php\/wp-json\/wp\/v2\/pages\/15\/revisions\/215"}],"wp:featuredmedia":[{"embeddable":true,"href":"https:\/\/www.meylanplongee.fr\/index.php\/wp-json\/wp\/v2\/media\/50"}],"wp:attachment":[{"href":"https:\/\/www.meylanplongee.fr\/index.php\/wp-json\/wp\/v2\/media?parent=15"}],"curies":[{"name":"wp","href":"https:\/\/api.w.org\/{rel}","templated":true}]}}